{"id":22985,"date":"2023-05-28T11:47:04","date_gmt":"2023-05-28T11:47:04","guid":{"rendered":"https:\/\/thespa-lon.com\/?post_type=product&#038;p=22985"},"modified":"2026-01-30T08:57:21","modified_gmt":"2026-01-30T00:57:21","slug":"vie-mesopeptide-decollete-replenishing-cream","status":"publish","type":"product","link":"https:\/\/thespa-lon.com\/zh\/product\/vie-mesopeptide-decollete-replenishing-cream\/","title":{"rendered":"\u97e6\u6d01\u7f8e\u80a4\u80bd\u9888\u90e8\u8d34\u80a4\u8865\u6c34\u971c"},"content":{"rendered":"","protected":false},"excerpt":{"rendered":"<p>\u97e6\u6d01\u7f8e\u80a4\u80bd\u878d\u5408\u4e86\u4e24\u79cd\u8865\u5168\u9888\u90e8\u808c\u80a4\u5e74\u8f7b\u72b6\u6001\u7684\u7f8e\u5bb9\u6280\u672f\u3002\u8fd9\u6b3e\u4e73\u971c\u542b\u6709\u73bb\u5c3f\u9178\u3001\u80bd\u548c\u7ef4\u751f\u7d20C\u884d\u751f\u7269\u7684\u6df7\u5408\u7269\uff0c\u5728\u6d82\u62b9\u65f6\u5373\u53ef\u6ecb\u6da6\u3001\u7edf\u4e00\u548c\u5e73\u6ed1\u76ae\u80a4\u3002\u5728\u4e00\u4e2a\u6708\u5185\uff0c\u9ed1\u6591\u660e\u663e\u51cf\u5c11\uff0c\u808c\u80a4\u5149\u6ed1\u7ec6\u817b\uff0c\u6c34\u5206\u8865\u5145\u5145\u5206\u3002<\/p>\n<p>\u914d\u65b9\u5bcc\u542b\u80fd\u7acb\u5373\u63d0\u5347\u808c\u80a4\u7684\u5149\u53cd\u5c04\u95ea\u4eae\u5242\u3002\u99a5\u90c1\u7684\u67d1\u6a58\u679c\u9999\u548c\u5973\u6027\u5316\u7684\u8309\u8389\u82b1\u6c14\u606f\uff0c\u8ba9\u4eba\u611f\u5230\u7cbe\u795e\u632f\u594b\u3002<\/p>","protected":false},"featured_media":23054,"comment_status":"open","ping_status":"closed","template":"","meta":[],"product_cat":[198],"product_tag":[],"giftcard-category":[],"class_list":["post-22985","product","type-product","status-publish","has-post-thumbnail","hentry","product_cat-vie-collection"],"yoast_head":"<!-- This site is optimized with the Yoast SEO plugin v21.1 - https:\/\/yoast.com\/wordpress\/plugins\/seo\/ -->\n<title>VIE MESOPEPTIDE DECOLLETE REPLENISHING CREAM - The Spa-Lon<\/title>\n<meta name=\"robots\" content=\"index, follow, max-snippet:-1, max-image-preview:large, max-video-preview:-1\" \/>\n<link rel=\"canonical\" href=\"https:\/\/thespa-lon.com\/zh\/product\/vie-mesopeptide-decollete-replenishing-cream\/\" \/>\n<meta property=\"og:locale\" content=\"zh_CN\" \/>\n<meta property=\"og:type\" content=\"article\" \/>\n<meta property=\"og:title\" content=\"VIE MESOPEPTIDE DECOLLETE REPLENISHING CREAM - The Spa-Lon\" \/>\n<meta property=\"og:description\" content=\"M\u00c9SOPEPTIDE takes inspiration from two complementary aesthetic techniques to restore the d\u00e9collet\u00e9\u2019s youthful appearance. Infused with a cocktail of hyaluronic acids, peptide and vitamin C derivative, this emulsion acts upon application to hydrate, unify and smooth the skin. In 1 month*, the appearance of dark spots is visibly reduced and skin is smoothed and replenished with moisture.  Its formula is enriched with light reflective pearlescent agents for an immediate enhancing effect. An energizing scent with tangy notes of citrus fruit softened by feminine jasmine.\" \/>\n<meta property=\"og:url\" content=\"https:\/\/thespa-lon.com\/zh\/product\/vie-mesopeptide-decollete-replenishing-cream\/\" \/>\n<meta property=\"og:site_name\" content=\"The Spa-Lon\" \/>\n<meta property=\"article:publisher\" content=\"https:\/\/www.facebook.com\/thespalon\/\" \/>\n<meta property=\"article:modified_time\" content=\"2026-01-30T00:57:21+00:00\" \/>\n<meta property=\"og:image\" content=\"https:\/\/thespa-lon.com\/wp-content\/uploads\/2023\/05\/VIE232-4.jpg\" \/>\n\t<meta property=\"og:image:width\" content=\"800\" \/>\n\t<meta property=\"og:image:height\" content=\"800\" \/>\n\t<meta property=\"og:image:type\" content=\"image\/jpeg\" \/>\n<meta name=\"twitter:card\" content=\"summary_large_image\" \/>\n<script type=\"application\/ld+json\" class=\"yoast-schema-graph\">{\"@context\":\"https:\/\/schema.org\",\"@graph\":[{\"@type\":\"WebPage\",\"@id\":\"https:\/\/thespa-lon.com\/product\/vie-mesopeptide-decollete-replenishing-cream\/\",\"url\":\"https:\/\/thespa-lon.com\/product\/vie-mesopeptide-decollete-replenishing-cream\/\",\"name\":\"VIE MESOPEPTIDE DECOLLETE REPLENISHING CREAM - The Spa-Lon\",\"isPartOf\":{\"@id\":\"https:\/\/thespa-lon.com\/#website\"},\"datePublished\":\"2023-05-28T11:47:04+00:00\",\"dateModified\":\"2026-01-30T00:57:21+00:00\",\"breadcrumb\":{\"@id\":\"https:\/\/thespa-lon.com\/product\/vie-mesopeptide-decollete-replenishing-cream\/#breadcrumb\"},\"inLanguage\":\"zh-Hans\",\"potentialAction\":[{\"@type\":\"ReadAction\",\"target\":[\"https:\/\/thespa-lon.com\/product\/vie-mesopeptide-decollete-replenishing-cream\/\"]}]},{\"@type\":\"BreadcrumbList\",\"@id\":\"https:\/\/thespa-lon.com\/product\/vie-mesopeptide-decollete-replenishing-cream\/#breadcrumb\",\"itemListElement\":[{\"@type\":\"ListItem\",\"position\":1,\"name\":\"Home\",\"item\":\"https:\/\/thespa-lon.com\/\"},{\"@type\":\"ListItem\",\"position\":2,\"name\":\"Shop\",\"item\":\"https:\/\/thespa-lon.com\/shop\/\"},{\"@type\":\"ListItem\",\"position\":3,\"name\":\"VIE MESOPEPTIDE DECOLLETE REPLENISHING CREAM\"}]},{\"@type\":\"WebSite\",\"@id\":\"https:\/\/thespa-lon.com\/#website\",\"url\":\"https:\/\/thespa-lon.com\/\",\"name\":\"The Spa-Lon\",\"description\":\"The Spa-Lon is a beauty and skincare treatment centre in Singapore that enhances your neck, sublime radiance, pure glow and more. Visit our website today!\",\"publisher\":{\"@id\":\"https:\/\/thespa-lon.com\/#organization\"},\"potentialAction\":[{\"@type\":\"SearchAction\",\"target\":{\"@type\":\"EntryPoint\",\"urlTemplate\":\"https:\/\/thespa-lon.com\/?s={search_term_string}\"},\"query-input\":\"required name=search_term_string\"}],\"inLanguage\":\"zh-Hans\"},{\"@type\":\"Organization\",\"@id\":\"https:\/\/thespa-lon.com\/#organization\",\"name\":\"The Spa-Lon\",\"alternateName\":\"The Spa-Lon\",\"url\":\"https:\/\/thespa-lon.com\/\",\"logo\":{\"@type\":\"ImageObject\",\"inLanguage\":\"zh-Hans\",\"@id\":\"https:\/\/thespa-lon.com\/#\/schema\/logo\/image\/\",\"url\":\"https:\/\/thespa-lon.com\/wp-content\/uploads\/2023\/06\/TheSPA-LON-logo.png\",\"contentUrl\":\"https:\/\/thespa-lon.com\/wp-content\/uploads\/2023\/06\/TheSPA-LON-logo.png\",\"width\":942,\"height\":257,\"caption\":\"The Spa-Lon\"},\"image\":{\"@id\":\"https:\/\/thespa-lon.com\/#\/schema\/logo\/image\/\"},\"sameAs\":[\"https:\/\/www.facebook.com\/thespalon\/\",\"https:\/\/www.instagram.com\/spalonsg\/\",\"https:\/\/www.youtube.com\/@thespa-lonsingapore\"]}]}<\/script>\n<!-- \/ Yoast SEO plugin. -->","yoast_head_json":{"title":"VIE MESOPEPTIDE DECOLLETE REPLENISHING CREAM - The Spa-Lon","robots":{"index":"index","follow":"follow","max-snippet":"max-snippet:-1","max-image-preview":"max-image-preview:large","max-video-preview":"max-video-preview:-1"},"canonical":"https:\/\/thespa-lon.com\/zh\/product\/vie-mesopeptide-decollete-replenishing-cream\/","og_locale":"zh_CN","og_type":"article","og_title":"VIE MESOPEPTIDE DECOLLETE REPLENISHING CREAM - The Spa-Lon","og_description":"M\u00c9SOPEPTIDE takes inspiration from two complementary aesthetic techniques to restore the d\u00e9collet\u00e9\u2019s youthful appearance. Infused with a cocktail of hyaluronic acids, peptide and vitamin C derivative, this emulsion acts upon application to hydrate, unify and smooth the skin. In 1 month*, the appearance of dark spots is visibly reduced and skin is smoothed and replenished with moisture.  Its formula is enriched with light reflective pearlescent agents for an immediate enhancing effect. An energizing scent with tangy notes of citrus fruit softened by feminine jasmine.","og_url":"https:\/\/thespa-lon.com\/zh\/product\/vie-mesopeptide-decollete-replenishing-cream\/","og_site_name":"The Spa-Lon","article_publisher":"https:\/\/www.facebook.com\/thespalon\/","article_modified_time":"2026-01-30T00:57:21+00:00","og_image":[{"width":800,"height":800,"url":"https:\/\/thespa-lon.com\/wp-content\/uploads\/2023\/05\/VIE232-4.jpg","type":"image\/jpeg"}],"twitter_card":"summary_large_image","schema":{"@context":"https:\/\/schema.org","@graph":[{"@type":"WebPage","@id":"https:\/\/thespa-lon.com\/product\/vie-mesopeptide-decollete-replenishing-cream\/","url":"https:\/\/thespa-lon.com\/product\/vie-mesopeptide-decollete-replenishing-cream\/","name":"VIE MESOPEPTIDE DECOLLETE REPLENISHING CREAM - The Spa-Lon","isPartOf":{"@id":"https:\/\/thespa-lon.com\/#website"},"datePublished":"2023-05-28T11:47:04+00:00","dateModified":"2026-01-30T00:57:21+00:00","breadcrumb":{"@id":"https:\/\/thespa-lon.com\/product\/vie-mesopeptide-decollete-replenishing-cream\/#breadcrumb"},"inLanguage":"zh-Hans","potentialAction":[{"@type":"ReadAction","target":["https:\/\/thespa-lon.com\/product\/vie-mesopeptide-decollete-replenishing-cream\/"]}]},{"@type":"BreadcrumbList","@id":"https:\/\/thespa-lon.com\/product\/vie-mesopeptide-decollete-replenishing-cream\/#breadcrumb","itemListElement":[{"@type":"ListItem","position":1,"name":"Home","item":"https:\/\/thespa-lon.com\/"},{"@type":"ListItem","position":2,"name":"Shop","item":"https:\/\/thespa-lon.com\/shop\/"},{"@type":"ListItem","position":3,"name":"VIE MESOPEPTIDE DECOLLETE REPLENISHING CREAM"}]},{"@type":"WebSite","@id":"https:\/\/thespa-lon.com\/#website","url":"https:\/\/thespa-lon.com\/","name":"The Spa-Lon","description":"The Spa-Lon is a beauty and skincare treatment centre in Singapore that enhances your neck, sublime radiance, pure glow and more. Visit our website today!","publisher":{"@id":"https:\/\/thespa-lon.com\/#organization"},"potentialAction":[{"@type":"SearchAction","target":{"@type":"EntryPoint","urlTemplate":"https:\/\/thespa-lon.com\/?s={search_term_string}"},"query-input":"required name=search_term_string"}],"inLanguage":"zh-Hans"},{"@type":"Organization","@id":"https:\/\/thespa-lon.com\/#organization","name":"The Spa-Lon","alternateName":"The Spa-Lon","url":"https:\/\/thespa-lon.com\/","logo":{"@type":"ImageObject","inLanguage":"zh-Hans","@id":"https:\/\/thespa-lon.com\/#\/schema\/logo\/image\/","url":"https:\/\/thespa-lon.com\/wp-content\/uploads\/2023\/06\/TheSPA-LON-logo.png","contentUrl":"https:\/\/thespa-lon.com\/wp-content\/uploads\/2023\/06\/TheSPA-LON-logo.png","width":942,"height":257,"caption":"The Spa-Lon"},"image":{"@id":"https:\/\/thespa-lon.com\/#\/schema\/logo\/image\/"},"sameAs":["https:\/\/www.facebook.com\/thespalon\/","https:\/\/www.instagram.com\/spalonsg\/","https:\/\/www.youtube.com\/@thespa-lonsingapore"]}]}},"_links":{"self":[{"href":"https:\/\/thespa-lon.com\/zh\/wp-json\/wp\/v2\/product\/22985","targetHints":{"allow":["GET"]}}],"collection":[{"href":"https:\/\/thespa-lon.com\/zh\/wp-json\/wp\/v2\/product"}],"about":[{"href":"https:\/\/thespa-lon.com\/zh\/wp-json\/wp\/v2\/types\/product"}],"replies":[{"embeddable":true,"href":"https:\/\/thespa-lon.com\/zh\/wp-json\/wp\/v2\/comments?post=22985"}],"wp:featuredmedia":[{"embeddable":true,"href":"https:\/\/thespa-lon.com\/zh\/wp-json\/wp\/v2\/media\/23054"}],"wp:attachment":[{"href":"https:\/\/thespa-lon.com\/zh\/wp-json\/wp\/v2\/media?parent=22985"}],"wp:term":[{"taxonomy":"product_cat","embeddable":true,"href":"https:\/\/thespa-lon.com\/zh\/wp-json\/wp\/v2\/product_cat?post=22985"},{"taxonomy":"product_tag","embeddable":true,"href":"https:\/\/thespa-lon.com\/zh\/wp-json\/wp\/v2\/product_tag?post=22985"},{"taxonomy":"giftcard-category","embeddable":true,"href":"https:\/\/thespa-lon.com\/zh\/wp-json\/wp\/v2\/giftcard-category?post=22985"}],"curies":[{"name":"wp","href":"https:\/\/api.w.org\/{rel}","templated":true}]}}